{"id":972,"date":"2025-09-30T09:10:08","date_gmt":"2025-09-30T09:10:08","guid":{"rendered":"https:\/\/palaisroyal.brussels\/972-2\/"},"modified":"2026-03-16T09:21:52","modified_gmt":"2026-03-16T09:21:52","slug":"972-2","status":"publish","type":"page","link":"https:\/\/palaisroyal.brussels\/fr\/972-2\/","title":{"rendered":"Exp\u00e9riences Signatures"},"content":{"rendered":"<div class=\"wpb-content-wrapper\"><p>[vc_row][vc_column][vc_empty_space][\/vc_column][\/vc_row][vc_row][vc_column][vc_empty_space][vc_column_text css=\u00a0\u00bb\u00a0\u00bb]<\/p>\n<h2 style=\"text-align: center;\">Palais Royal Exp\u00e9riences Signatures<\/h2>\n<p>&nbsp;<\/p>\n<p style=\"text-align: center;\">Une toute nouvelle s\u00e9rie de d\u00eeners exclusifs o\u00f9 le chef David Martin re\u00e7oit un ma\u00eetre artisan au Palais Royal pour une soir\u00e9e inoubliable pleine de saveurs, de savoir et d\u2019exp\u00e9rience.<\/p>\n<p style=\"text-align: center;\">Un hommage au savoir-faire et \u00e0 la gastronomie.<\/p>\n<p>[\/vc_column_text][\/vc_column][\/vc_row][vc_row][vc_column width=\u00a0\u00bb1\/12&Prime;][\/vc_column][vc_column width=\u00a0\u00bb10\/12&Prime;][\/vc_column][vc_column width=\u00a0\u00bb1\/12&Prime;][\/vc_column][\/vc_row][vc_row][vc_column][\/vc_column][\/vc_row]<\/p>\n<\/div>","protected":false},"excerpt":{"rendered":"[vc_row][vc_column][vc_empty_space][\/vc_column][\/vc_row][vc_row][vc_column][vc_empty_space][vc_column_text css=\u00a0\u00bb\u00a0\u00bb] Palais Royal Exp\u00e9riences Signatures &nbsp; Une toute nouvelle s\u00e9rie de d\u00eeners exclusifs o\u00f9 le chef David Martin re\u00e7oit un ma\u00eetre artisan au Palais Royal pour une soir\u00e9e inoubliable pleine de saveurs, de savoir et d\u2019exp\u00e9rience. Un hommage au savoir-faire et \u00e0 la gastronomie. [\/vc_column_text][\/vc_column][\/vc_row][vc_row][vc_column width=\u00a0\u00bb1\/12&Prime;][\/vc_column][vc_column width=\u00a0\u00bb10\/12&Prime;][\/vc_column][vc_column width=\u00a0\u00bb1\/12&Prime;][\/vc_column][\/vc_row][vc_row][vc_column][\/vc_column][\/vc_row]","protected":false},"author":3,"featured_media":0,"parent":0,"menu_order":0,"comment_status":"closed","ping_status":"closed","template":"","meta":{"_acf_changed":false,"footnotes":""},"class_list":["post-972","page","type-page","status-publish","hentry"],"acf":[],"yoast_head":"<!-- This site is optimized with the Yoast SEO Premium plugin v23.9 (Yoast SEO v23.9) - https:\/\/yoast.com\/wordpress\/plugins\/seo\/ -->\n<title>Exp\u00e9riences Signatures - Palais Royal<\/title>\n<meta name=\"robots\" content=\"index, follow, max-snippet:-1, max-image-preview:large, max-video-preview:-1\" \/>\n<link rel=\"canonical\" href=\"https:\/\/palaisroyal.brussels\/fr\/972-2\/\" \/>\n<meta property=\"og:locale\" content=\"fr_FR\" \/>\n<meta property=\"og:type\" content=\"article\" \/>\n<meta property=\"og:title\" content=\"Exp\u00e9riences Signatures\" \/>\n<meta property=\"og:description\" content=\"[vc_row][vc_column][vc_empty_space][\/vc_column][\/vc_row][vc_row][vc_column][vc_empty_space][vc_column_text css=\u00a0\u00bb\u00a0\u00bb] Palais Royal Exp\u00e9riences Signatures &nbsp; Une toute nouvelle s\u00e9rie de d\u00eeners exclusifs o\u00f9 le chef David Martin re\u00e7oit un ma\u00eetre artisan au Palais Royal pour une soir\u00e9e inoubliable pleine de saveurs, de savoir et d\u2019exp\u00e9rience. Un hommage au savoir-faire et \u00e0 la gastronomie. [\/vc_column_text][\/vc_column][\/vc_row][vc_row][vc_column width=\u00a0\u00bb1\/12&Prime;][\/vc_column][vc_column width=\u00a0\u00bb10\/12&Prime;][\/vc_column][vc_column width=\u00a0\u00bb1\/12&Prime;][\/vc_column][\/vc_row][vc_row][vc_column][\/vc_column][\/vc_row]\" \/>\n<meta property=\"og:url\" content=\"https:\/\/palaisroyal.brussels\/fr\/972-2\/\" \/>\n<meta property=\"og:site_name\" content=\"Palais Royal\" \/>\n<meta property=\"article:modified_time\" content=\"2026-03-16T09:21:52+00:00\" \/>\n<meta name=\"twitter:card\" content=\"summary_large_image\" \/>\n<meta name=\"twitter:label1\" content=\"Dur\u00e9e de lecture estim\u00e9e\" \/>\n\t<meta name=\"twitter:data1\" content=\"1 minute\" \/>\n<script type=\"application\/ld+json\" class=\"yoast-schema-graph\">{\"@context\":\"https:\/\/schema.org\",\"@graph\":[{\"@type\":\"WebPage\",\"@id\":\"https:\/\/palaisroyal.brussels\/fr\/972-2\/\",\"url\":\"https:\/\/palaisroyal.brussels\/fr\/972-2\/\",\"name\":\"Exp\u00e9riences Signatures - Palais Royal\",\"isPartOf\":{\"@id\":\"https:\/\/palaisroyal.brussels\/#website\"},\"datePublished\":\"2025-09-30T09:10:08+00:00\",\"dateModified\":\"2026-03-16T09:21:52+00:00\",\"breadcrumb\":{\"@id\":\"https:\/\/palaisroyal.brussels\/fr\/972-2\/#breadcrumb\"},\"inLanguage\":\"fr-FR\",\"potentialAction\":[{\"@type\":\"ReadAction\",\"target\":[\"https:\/\/palaisroyal.brussels\/fr\/972-2\/\"]}]},{\"@type\":\"BreadcrumbList\",\"@id\":\"https:\/\/palaisroyal.brussels\/fr\/972-2\/#breadcrumb\",\"itemListElement\":[{\"@type\":\"ListItem\",\"position\":1,\"name\":\"Home\",\"item\":\"https:\/\/palaisroyal.brussels\/fr\/\"},{\"@type\":\"ListItem\",\"position\":2,\"name\":\"Exp\u00e9riences Signatures\"}]},{\"@type\":\"WebSite\",\"@id\":\"https:\/\/palaisroyal.brussels\/#website\",\"url\":\"https:\/\/palaisroyal.brussels\/\",\"name\":\"Palais Royal\",\"description\":\"\",\"potentialAction\":[{\"@type\":\"SearchAction\",\"target\":{\"@type\":\"EntryPoint\",\"urlTemplate\":\"https:\/\/palaisroyal.brussels\/?s={search_term_string}\"},\"query-input\":{\"@type\":\"PropertyValueSpecification\",\"valueRequired\":true,\"valueName\":\"search_term_string\"}}],\"inLanguage\":\"fr-FR\"}]}<\/script>\n<!-- \/ Yoast SEO Premium plugin. -->","yoast_head_json":{"title":"Exp\u00e9riences Signatures - Palais Royal","robots":{"index":"index","follow":"follow","max-snippet":"max-snippet:-1","max-image-preview":"max-image-preview:large","max-video-preview":"max-video-preview:-1"},"canonical":"https:\/\/palaisroyal.brussels\/fr\/972-2\/","og_locale":"fr_FR","og_type":"article","og_title":"Exp\u00e9riences Signatures","og_description":"[vc_row][vc_column][vc_empty_space][\/vc_column][\/vc_row][vc_row][vc_column][vc_empty_space][vc_column_text css=\u00a0\u00bb\u00a0\u00bb] Palais Royal Exp\u00e9riences Signatures &nbsp; Une toute nouvelle s\u00e9rie de d\u00eeners exclusifs o\u00f9 le chef David Martin re\u00e7oit un ma\u00eetre artisan au Palais Royal pour une soir\u00e9e inoubliable pleine de saveurs, de savoir et d\u2019exp\u00e9rience. Un hommage au savoir-faire et \u00e0 la gastronomie. [\/vc_column_text][\/vc_column][\/vc_row][vc_row][vc_column width=\u00a0\u00bb1\/12&Prime;][\/vc_column][vc_column width=\u00a0\u00bb10\/12&Prime;][\/vc_column][vc_column width=\u00a0\u00bb1\/12&Prime;][\/vc_column][\/vc_row][vc_row][vc_column][\/vc_column][\/vc_row]","og_url":"https:\/\/palaisroyal.brussels\/fr\/972-2\/","og_site_name":"Palais Royal","article_modified_time":"2026-03-16T09:21:52+00:00","twitter_card":"summary_large_image","twitter_misc":{"Dur\u00e9e de lecture estim\u00e9e":"1 minute"},"schema":{"@context":"https:\/\/schema.org","@graph":[{"@type":"WebPage","@id":"https:\/\/palaisroyal.brussels\/fr\/972-2\/","url":"https:\/\/palaisroyal.brussels\/fr\/972-2\/","name":"Exp\u00e9riences Signatures - Palais Royal","isPartOf":{"@id":"https:\/\/palaisroyal.brussels\/#website"},"datePublished":"2025-09-30T09:10:08+00:00","dateModified":"2026-03-16T09:21:52+00:00","breadcrumb":{"@id":"https:\/\/palaisroyal.brussels\/fr\/972-2\/#breadcrumb"},"inLanguage":"fr-FR","potentialAction":[{"@type":"ReadAction","target":["https:\/\/palaisroyal.brussels\/fr\/972-2\/"]}]},{"@type":"BreadcrumbList","@id":"https:\/\/palaisroyal.brussels\/fr\/972-2\/#breadcrumb","itemListElement":[{"@type":"ListItem","position":1,"name":"Home","item":"https:\/\/palaisroyal.brussels\/fr\/"},{"@type":"ListItem","position":2,"name":"Exp\u00e9riences Signatures"}]},{"@type":"WebSite","@id":"https:\/\/palaisroyal.brussels\/#website","url":"https:\/\/palaisroyal.brussels\/","name":"Palais Royal","description":"","potentialAction":[{"@type":"SearchAction","target":{"@type":"EntryPoint","urlTemplate":"https:\/\/palaisroyal.brussels\/?s={search_term_string}"},"query-input":{"@type":"PropertyValueSpecification","valueRequired":true,"valueName":"search_term_string"}}],"inLanguage":"fr-FR"}]}},"_links":{"self":[{"href":"https:\/\/palaisroyal.brussels\/fr\/wp-json\/wp\/v2\/pages\/972","targetHints":{"allow":["GET"]}}],"collection":[{"href":"https:\/\/palaisroyal.brussels\/fr\/wp-json\/wp\/v2\/pages"}],"about":[{"href":"https:\/\/palaisroyal.brussels\/fr\/wp-json\/wp\/v2\/types\/page"}],"author":[{"embeddable":true,"href":"https:\/\/palaisroyal.brussels\/fr\/wp-json\/wp\/v2\/users\/3"}],"replies":[{"embeddable":true,"href":"https:\/\/palaisroyal.brussels\/fr\/wp-json\/wp\/v2\/comments?post=972"}],"version-history":[{"count":16,"href":"https:\/\/palaisroyal.brussels\/fr\/wp-json\/wp\/v2\/pages\/972\/revisions"}],"predecessor-version":[{"id":1524,"href":"https:\/\/palaisroyal.brussels\/fr\/wp-json\/wp\/v2\/pages\/972\/revisions\/1524"}],"wp:attachment":[{"href":"https:\/\/palaisroyal.brussels\/fr\/wp-json\/wp\/v2\/media?parent=972"}],"curies":[{"name":"wp","href":"https:\/\/api.w.org\/{rel}","templated":true}]}}